{"id":68,"date":"2020-11-27T10:29:16","date_gmt":"2020-11-27T10:29:16","guid":{"rendered":"https:\/\/www.spklaj.pl\/?page_id=68"},"modified":"2024-06-12T13:12:10","modified_gmt":"2024-06-12T13:12:10","slug":"patron","status":"publish","type":"page","link":"https:\/\/www.spklaj.pl\/?page_id=68","title":{"rendered":"Patron | \u017cyciorys"},"content":{"rendered":"\t\t<div data-elementor-type=\"wp-page\" data-elementor-id=\"68\" class=\"elementor elementor-68\">\n\t\t\t\t\t\t\t\t\t<section class=\"elementor-section elementor-top-section elementor-element elementor-element-65a4ea7 elementor-section-boxed elementor-section-height-default elementor-section-height-default exad-glass-effect-no exad-sticky-section-no\" data-id=\"65a4ea7\" data-element_type=\"section\">\n\t\t\t\t\t\t<div class=\"elementor-container elementor-column-gap-default\">\n\t\t\t\t\t<div class=\"elementor-column elementor-col-100 elementor-top-column elementor-element elementor-element-81940fe exad-glass-effect-no exad-sticky-section-no\" data-id=\"81940fe\" data-element_type=\"column\">\n\t\t\t<div class=\"elementor-widget-wrap elementor-element-populated\">\n\t\t\t\t\t\t\t\t<div class=\"elementor-element elementor-element-9afbcef exad-sticky-section-no exad-glass-effect-no elementor-widget elementor-widget-heading\" data-id=\"9afbcef\" data-element_type=\"widget\" data-widget_type=\"heading.default\">\n\t\t\t\t<div class=\"elementor-widget-container\">\n\t\t\t<h2 class=\"elementor-heading-title elementor-size-large\">\u017byciorys ks. Jana Twardowskiego<\/h2>\t\t<\/div>\n\t\t\t\t<\/div>\n\t\t\t\t\t<\/div>\n\t\t<\/div>\n\t\t\t\t\t\t\t<\/div>\n\t\t<\/section>\n\t\t\t\t<section class=\"elementor-section elementor-top-section elementor-element elementor-element-617d8d87 elementor-section-boxed elementor-section-height-default elementor-section-height-default exad-glass-effect-no exad-sticky-section-no\" data-id=\"617d8d87\" data-element_type=\"section\">\n\t\t\t\t\t\t<div class=\"elementor-container elementor-column-gap-default\">\n\t\t\t\t\t<div class=\"elementor-column elementor-col-100 elementor-top-column elementor-element elementor-element-7b0f8a37 exad-glass-effect-no exad-sticky-section-no\" data-id=\"7b0f8a37\" data-element_type=\"column\">\n\t\t\t<div class=\"elementor-widget-wrap elementor-element-populated\">\n\t\t\t\t\t\t\t\t<div class=\"elementor-element elementor-element-7d9fd3aa exad-sticky-section-no exad-glass-effect-no elementor-widget elementor-widget-text-editor\" data-id=\"7d9fd3aa\" data-element_type=\"widget\" data-settings=\"{&quot;motion_fx_motion_fx_scrolling&quot;:&quot;yes&quot;,&quot;motion_fx_devices&quot;:[&quot;desktop&quot;,&quot;tablet&quot;,&quot;mobile&quot;]}\" data-widget_type=\"text-editor.default\">\n\t\t\t\t<div class=\"elementor-widget-container\">\n\t\t\t\t\t\t\t<h2 style=\"text-align: center;\"><span style=\"font-size: 14px;\"><strong>DZIECI\u0143STWO I M\u0141ODO\u015a\u0106<\/strong><\/span><\/h2><h2 style=\"text-align: justify;\"><span style=\"font-size: 12px;\">Jan Twardowski urodzi\u0142 si\u0119 1 czerwca 1915 roku w Warszawie, w rodzinie kolejarskiej, jako syn Jana Twardowskiego i Anieli Marii Konderskiej. Rodzina mieszka\u0142a przy ulicy Elektoralnej 49 m. 8. <\/span><span style=\"font-size: 12px;\">Ma\u0142y Janek wychowywa\u0142 si\u0119 z trzema siostrami. Po latach wspomina\u0142 \u201eW domu sp\u0119dzi\u0142em najszcz\u0119\u015bliwsze lata \u2013 dzieci\u0144stwo i m\u0142odo\u015b\u0107\u201d. Jako dziecko bywa\u0142 z rodzicami na wystawach w Zach\u0119cie, w teatrze i w operze. W rodzinnym domu tradycyjnie obchodzono imieniny, ulubionym przysmakiem ksi\u0119dza z tego okresu by\u0142o kakao z piank\u0105 i faworki. Z dzieci\u0144stwa pami\u0119ta te\u017c gr\u0119 w kamyczki na podw\u00f3rku i smak tranu w czasie choroby. Ma\u0142y Janek rozpocz\u0105\u0142 nauk\u0119 w 1927 r. Nast\u0119pnie ucz\u0119szcza\u0142 do gimnazjum matematyczno-przyrodniczego im. T. Czackiego. W 1935 r. zda\u0142 matur\u0119. Z czas\u00f3w szkolnych ksi\u0105dz wspomina, \u017ce uczy\u0142 si\u0119 chodz\u0105c po kuchni i powtarza\u0142 g\u0142o\u015bno materia\u0142. Pisa\u0142 niestarannie, dlatego te\u017c cz\u0119sto przepisywa\u0142 fragmenty swoich zeszyt\u00f3w. W szkole na przerwach zamiast schodzi\u0107 po schodach, zje\u017cd\u017ca\u0142 po por\u0119czach. Lubi\u0142 czyta\u0107 ksi\u0105\u017cki. Jego ulubione to: \u201eBa\u015bnie\u201d Andersena i powie\u015bci Makuszy\u0144skiego. Cz\u0119sto bra\u0142 udzia\u0142 w przedstawieniach. W wolnych chwilach robi\u0142 zielniki i zbiera\u0142 znaczki. Ju\u017c w okresie gimnazjum zacz\u0105\u0142 publikowa\u0107 w czasopismach m\u0142odzie\u017cowych pierwsze swoje wiersze, opowiadania, wywiady i felietony. Bezpo\u015brednio po maturze rozpocz\u0105\u0142 studia polonistyczne na UW. W czasie wojny przebywa\u0142 w Warszawie, bra\u0142 udzia\u0142 w ruchu podziemnym. Walczy\u0142 w czasie Powstania Warszawskiego, zosta\u0142 ranny. Po upadku powstania tu\u0142a\u0142 si\u0119 po okupowanym kraju.<\/span><br \/><span style=\"font-size: 12px;\">\u00a0<\/span><\/h2><h2 style=\"text-align: center;\"><span style=\"font-size: 14px;\"><strong>KAP\u0141A\u0143STWO<\/strong><\/span><\/h2><h2 style=\"text-align: justify;\"><span style=\"font-size: 12px;\">Pod koniec wojny wst\u0105pi\u0142 do seminarium duchownego w Czubinie ko\u0142o B\u0142onia, a w sierpniu 1945 r. wraz z innymi alumnami przeni\u00f3s\u0142 si\u0119 do Metropolitarnego Seminarium Duchownego im. Jana Chrzciciela w Warszawie. Jednocze\u015bnie rozpocz\u0105\u0142 studia teologiczne na UW. W 1948 r. obroni\u0142 prac\u0119 magistersk\u0105, a w kilka miesi\u0119cy p\u00f3\u017aniej, 4 lipca zosta\u0142 wy\u015bwi\u0119cony na ksi\u0119dza. Prac\u0119 duchownego rozpocz\u0105\u0142 jako wikary parafii w podwarszawskim Pruszkowie \u017bbikowie, gdzie przebywa\u0142 3 lata.<\/span><br \/><span style=\"font-size: 12px;\">W 1951 r. ks. Jan wr\u00f3ci\u0142 do Warszawy. By\u0142 wikarym w ko\u015bciele \u015bw. Stanis\u0142awa na \u017boliborzu, a nast\u0119pnie w ko\u015bciele M.B. Nieustaj\u0105cej Pomocy na Saskiej K\u0119pie oraz w ko\u015bciele Wszystkich \u015awi\u0119tych. Od 1948 r. pe\u0142ni\u0142 funkcj\u0119 prefekta w Pruszkowie w szkole specjalnej i w Koszajcu w domu dziecka, nast\u0119pnie w Warszawie na Woli w gimnazjum im. A. Sowi\u0144skiego, a p\u00f3\u017aniej liceum im. \u015aw. Stanis\u0142awa. W 1959 r. zosta\u0142 rektorem ko\u015bcio\u0142a si\u00f3str Wizytek i pozosta\u0142 nim a\u017c do emerytury.<\/span><\/h2><h2 style=\"text-align: center;\"><br \/><span style=\"font-size: 14px;\"><strong>\u00a0TW\u00d3RCZO\u015a\u0106<\/strong><\/span><\/h2><h2 style=\"text-align: justify;\"><span style=\"font-size: 12px;\">Jan Twardowski zami\u0142owanie do poezji wyni\u00f3s\u0142 przekornie z matematyczno-przyrodniczego gimnazjum w Warszawie. Da\u0142 si\u0119 tam pozna\u0107 jako publicysta i redaktor mi\u0119dzy szkolnej \u201eKu\u017ani M\u0142odych\u201d, a tak\u017ce jako wyborny m\u0142ody poeta. Debiutowa\u0142 czterokrotnie, po raz pierwszy tomikiem \u201ePowr\u00f3t Andersena\u201d. \u201eWiersze\u201d to tytu\u0142 drugiego debiutanckiego tomiku, kt\u00f3ry ukaza\u0142 si\u0119 pod koniec lat 50-tych. Po o\u015bmioletniej przerwie nadarzy\u0142a si\u0119 kolejna pr\u00f3ba pozyskania szerszego kr\u0119gu odbiorc\u00f3w. Jednak dopiero rok 1970 sta\u0142 si\u0119 prze\u0142omem w tw\u00f3rczo\u015bci ksi\u0119dza Jana. Tomik \u201eZnaki ufno\u015bci\u201d sta\u0142 si\u0119 przebojem wydawniczym, a jego autor zyska\u0142 uznanie w oczach czytelnik\u00f3w i przede wszystkim krytyk\u00f3w. Tw\u00f3rczo\u015b\u0107 ksi\u0119dza Twardowskiego to co\u015b niesko\u0144czenie prywatnego i osobistego. Nigdy nie straszy, nie moralizuje, lekarstwem na z\u0142e chwile s\u0105 listy, telefony, u\u015bmiechy a B\u00f3g kocha cz\u0142owieka mimo jego ciamajdowato\u015bci i talentu do pod\u0105\u017cania w z\u0142ym kierunku.<\/span><br \/><span style=\"font-size: 12px;\">O poezji ksi\u0119dza Jana m\u00f3wi si\u0119, \u017ce:<\/span><br \/><span style=\"font-size: 12px;\">&#8211;\u00a0 jest to poezja franciszka\u0144ska, g\u0142osz\u0105ca, i\u017c mi\u0142o\u015b\u0107 do \u015bwiata objawia si\u0119 mi\u0142o\u015bci\u0105 do wszystkich stworze\u0144 boskich, ka\u017cdego nale\u017cy traktowa\u0107 z mi\u0142o\u015bci\u0105 i szacunkiem;<\/span><br \/><span style=\"font-size: 12px;\">&#8211;\u00a0 jest to tak\u017ce poezja prosta, nieoperuj\u0105ca g\u0142\u0119bok\u0105 metaforyk\u0105, niesi\u0119gaj\u0105ca po skomplikowane \u015brodki poetyckie;<\/span><br \/><span style=\"font-size: 12px;\">&#8211; \u015bwiat jawi si\u0119, zgodnie z Bibli\u0105, jako tw\u00f3r Boga, ale nie jest on idealny, bo cz\u0142owiek nie \u017cyje zgodnie z przykazaniami boskimi;<\/span><br \/><span style=\"font-size: 12px;\">&#8211; cz\u0119sto porusza Twardowski tematy zwi\u0105zane z mi\u0142o\u015bci\u0105, przyja\u017ani\u0105, blisko\u015bci\u0105, rado\u015bci\u0105 \u017cycia, pogod\u0105 ducha, konieczno\u015bci\u0105 pogodzenia si\u0119 z nieuchronno\u015bci\u0105 \u015bmierci;<\/span><br \/><span style=\"font-size: 12px;\">&#8211;\u00a0 cz\u0119sto r\u00f3wnie\u017c korzysta z modlitw i zwraca si\u0119 do okre\u015blonych \u015bwi\u0119tych;<\/span><br \/><span style=\"font-size: 12px;\">&#8211; wiersze ksi\u0119dza Jana s\u0105 w szczeg\u00f3lny spos\u00f3b zwi\u0105zane z dzieckiem i dzieci\u0144stwem, przepe\u0142nione rado\u015bci\u0105, u\u015bmiechem i entuzjazmem;<\/span><br \/><span style=\"font-size: 12px;\">&#8211; w wierszach poety jest wiele dobrego humoru i \u017cart\u00f3w;<\/span><br \/><span style=\"font-size: 12px;\">W dow\u00f3d uznania za sw\u0105 tw\u00f3rczo\u015b\u0107 ksi\u0105dz Twardowski otrzyma\u0142 tyle nagr\u00f3d i znak\u00f3w serdeczno\u015bci, i\u017c trudno to zliczy\u0107. Pewnie sam za \u017cycia nie wiedzia\u0142, ile wyr\u00f3\u017cnie\u0144 otrzyma\u0142.<\/span><br \/><span style=\"font-size: 12px;\">Ksi\u0105dz Twardowski nie pisa\u0142 traktat\u00f3w filozoficznych trudnych do zrozumienia dla zwyk\u0142ego cz\u0142owieka, pisa\u0142 proste, przyst\u0119pne utwory, kt\u00f3re mog\u0105 czyta\u0107 r\u00f3wnie\u017c filozofowie.<\/span><br \/><span style=\"font-size: 12px;\">\u00a0<\/span><br \/><span style=\"font-size: 12px;\">\u00a0<\/span><\/h2><h2 style=\"text-align: center;\"><span style=\"font-size: 14px;\"><strong>CIEKAWOSTKI Z \u017bYCIA PATRONA\u00a0<\/strong><\/span><\/h2><h2 style=\"text-align: justify;\"><br \/><span style=\"font-size: 12px;\">Ksi\u0105dz Jan Twardowski:<\/span><br \/><span style=\"font-size: 12px;\">&#8211; Lubi\u0142 czyta\u0107 ba\u015bnie Andersena, nie znosi\u0142 ba\u015bni braci Grimm ze wzgl\u0119du na zawarte w nich okropie\u0144stwa, przemoc.<\/span><br \/><span style=\"font-size: 12px;\">&#8211; Ju\u017c jako licealista pr\u00f3bowa\u0142 pisa\u0107 wiersze.<\/span><br \/><span style=\"font-size: 12px;\">&#8211; M\u00f3wi\u0142, \u017ce mia\u0142 dobre siostry i dobrych rodzic\u00f3w, wzruszaj\u0105ce \u015bwi\u0119ta.<\/span><br \/><span style=\"font-size: 12px;\">&#8211; Nale\u017ca\u0142 do samotnik\u00f3w, nie prowadzi\u0142 bujnego \u017cycia towarzyskiego.<\/span><br \/><span style=\"font-size: 12px;\">&#8211; Twierdzi\u0142, ze pisa\u0142 tylko podczas wakacji.<\/span><br \/><span style=\"font-size: 12px;\">&#8211; Fascynowa\u0142a go poezja Syrokomli, Mickiewicza, S\u0142owackiego.<\/span><br \/><span style=\"font-size: 12px;\">&#8211; Jako dziecko chcia\u0142 by\u0107 podr\u00f3\u017cnikiem i je\u017adzi\u0107 po ca\u0142ym \u015bwiecie lub przyrodnikiem.<\/span><\/h2><p style=\"text-align: justify;\">\u00a0<\/p>\t\t\t\t\t\t<\/div>\n\t\t\t\t<\/div>\n\t\t\t\t\t<\/div>\n\t\t<\/div>\n\t\t\t\t\t\t\t<\/div>\n\t\t<\/section>\n\t\t\t\t\t\t\t<\/div>\n\t\t","protected":false},"excerpt":{"rendered":"<p>\u017byciorys ks. Jana Twardowskiego DZIECI\u0143STWO I M\u0141ODO\u015a\u0106 Jan Twardowski urodzi\u0142 si\u0119 1 czerwca 1915 roku w Warszawie, w rodzinie kolejarskiej, jako syn Jana Twardowskiego i Anieli Marii Konderskiej. Rodzina mieszka\u0142a przy ulicy Elektoralnej 49 m. 8. Ma\u0142y Janek wychowywa\u0142 si\u0119 z trzema siostrami. Po latach wspomina\u0142 \u201eW domu sp\u0119dzi\u0142em najszcz\u0119\u015bliwsze [&hellip;]<\/p>\n","protected":false},"author":1,"featured_media":0,"parent":0,"menu_order":0,"comment_status":"closed","ping_status":"closed","template":"page-templates\/page_fullwidth.php","meta":[],"yoast_head":"<!-- This site is optimized with the Yoast SEO plugin v19.1 - https:\/\/yoast.com\/wordpress\/plugins\/seo\/ -->\n<title>Patron | \u017cyciorys - Szko\u0142a Podstawowa<\/title>\n<meta name=\"robots\" content=\"index, follow, max-snippet:-1, max-image-preview:large, max-video-preview:-1\" \/>\n<link rel=\"canonical\" href=\"https:\/\/www.spklaj.pl\/?page_id=68\" \/>\n<meta property=\"og:locale\" content=\"pl_PL\" \/>\n<meta property=\"og:type\" content=\"article\" \/>\n<meta property=\"og:title\" content=\"Patron | \u017cyciorys - Szko\u0142a Podstawowa\" \/>\n<meta property=\"og:description\" content=\"\u017byciorys ks. Jana Twardowskiego DZIECI\u0143STWO I M\u0141ODO\u015a\u0106 Jan Twardowski urodzi\u0142 si\u0119 1 czerwca 1915 roku w Warszawie, w rodzinie kolejarskiej, jako syn Jana Twardowskiego i Anieli Marii Konderskiej. Rodzina mieszka\u0142a przy ulicy Elektoralnej 49 m. 8. Ma\u0142y Janek wychowywa\u0142 si\u0119 z trzema siostrami. Po latach wspomina\u0142 \u201eW domu sp\u0119dzi\u0142em najszcz\u0119\u015bliwsze [&hellip;]\" \/>\n<meta property=\"og:url\" content=\"https:\/\/www.spklaj.pl\/?page_id=68\" \/>\n<meta property=\"og:site_name\" content=\"Szko\u0142a Podstawowa\" \/>\n<meta property=\"article:modified_time\" content=\"2024-06-12T13:12:10+00:00\" \/>\n<meta name=\"twitter:card\" content=\"summary_large_image\" \/>\n<meta name=\"twitter:label1\" content=\"Szacowany czas czytania\" \/>\n\t<meta name=\"twitter:data1\" content=\"5 minut\" \/>\n<script type=\"application\/ld+json\" class=\"yoast-schema-graph\">{\"@context\":\"https:\/\/schema.org\",\"@graph\":[{\"@type\":\"Organization\",\"@id\":\"https:\/\/www.spklaj.pl\/#organization\",\"name\":\"Szko\u0142a Podstawowa im. Ks. Jana Twardowskiego w K\u0142aju\",\"url\":\"https:\/\/www.spklaj.pl\/\",\"sameAs\":[],\"logo\":{\"@type\":\"ImageObject\",\"inLanguage\":\"pl-PL\",\"@id\":\"https:\/\/www.spklaj.pl\/#\/schema\/logo\/image\/\",\"url\":\"https:\/\/www.spklaj.pl\/wp-content\/uploads\/2021\/01\/szkic-Twardowskiego.png\",\"contentUrl\":\"https:\/\/www.spklaj.pl\/wp-content\/uploads\/2021\/01\/szkic-Twardowskiego.png\",\"width\":227,\"height\":310,\"caption\":\"Szko\u0142a Podstawowa im. Ks. Jana Twardowskiego w K\u0142aju\"},\"image\":{\"@id\":\"https:\/\/www.spklaj.pl\/#\/schema\/logo\/image\/\"}},{\"@type\":\"WebSite\",\"@id\":\"https:\/\/www.spklaj.pl\/#website\",\"url\":\"https:\/\/www.spklaj.pl\/\",\"name\":\"Szko\u0142a Podstawowa im. Ks. Jana Twardowskiego w K\u0142aju\",\"description\":\"im. ks. Jana Twardowskiego w K\u0142aju\",\"publisher\":{\"@id\":\"https:\/\/www.spklaj.pl\/#organization\"},\"potentialAction\":[{\"@type\":\"SearchAction\",\"target\":{\"@type\":\"EntryPoint\",\"urlTemplate\":\"https:\/\/www.spklaj.pl\/?s={search_term_string}\"},\"query-input\":\"required name=search_term_string\"}],\"inLanguage\":\"pl-PL\"},{\"@type\":\"WebPage\",\"@id\":\"https:\/\/www.spklaj.pl\/?page_id=68#webpage\",\"url\":\"https:\/\/www.spklaj.pl\/?page_id=68\",\"name\":\"Patron | \u017cyciorys - Szko\u0142a Podstawowa\",\"isPartOf\":{\"@id\":\"https:\/\/www.spklaj.pl\/#website\"},\"datePublished\":\"2020-11-27T10:29:16+00:00\",\"dateModified\":\"2024-06-12T13:12:10+00:00\",\"breadcrumb\":{\"@id\":\"https:\/\/www.spklaj.pl\/?page_id=68#breadcrumb\"},\"inLanguage\":\"pl-PL\",\"potentialAction\":[{\"@type\":\"ReadAction\",\"target\":[\"https:\/\/www.spklaj.pl\/?page_id=68\"]}]},{\"@type\":\"BreadcrumbList\",\"@id\":\"https:\/\/www.spklaj.pl\/?page_id=68#breadcrumb\",\"itemListElement\":[{\"@type\":\"ListItem\",\"position\":1,\"name\":\"Home\",\"item\":\"https:\/\/www.spklaj.pl\/\"},{\"@type\":\"ListItem\",\"position\":2,\"name\":\"Patron | \u017cyciorys\"}]}]}<\/script>\n<!-- \/ Yoast SEO plugin. -->","yoast_head_json":{"title":"Patron | \u017cyciorys - Szko\u0142a Podstawowa","robots":{"index":"index","follow":"follow","max-snippet":"max-snippet:-1","max-image-preview":"max-image-preview:large","max-video-preview":"max-video-preview:-1"},"canonical":"https:\/\/www.spklaj.pl\/?page_id=68","og_locale":"pl_PL","og_type":"article","og_title":"Patron | \u017cyciorys - Szko\u0142a Podstawowa","og_description":"\u017byciorys ks. Jana Twardowskiego DZIECI\u0143STWO I M\u0141ODO\u015a\u0106 Jan Twardowski urodzi\u0142 si\u0119 1 czerwca 1915 roku w Warszawie, w rodzinie kolejarskiej, jako syn Jana Twardowskiego i Anieli Marii Konderskiej. Rodzina mieszka\u0142a przy ulicy Elektoralnej 49 m. 8. Ma\u0142y Janek wychowywa\u0142 si\u0119 z trzema siostrami. Po latach wspomina\u0142 \u201eW domu sp\u0119dzi\u0142em najszcz\u0119\u015bliwsze [&hellip;]","og_url":"https:\/\/www.spklaj.pl\/?page_id=68","og_site_name":"Szko\u0142a Podstawowa","article_modified_time":"2024-06-12T13:12:10+00:00","twitter_card":"summary_large_image","twitter_misc":{"Szacowany czas czytania":"5 minut"},"schema":{"@context":"https:\/\/schema.org","@graph":[{"@type":"Organization","@id":"https:\/\/www.spklaj.pl\/#organization","name":"Szko\u0142a Podstawowa im. Ks. Jana Twardowskiego w K\u0142aju","url":"https:\/\/www.spklaj.pl\/","sameAs":[],"logo":{"@type":"ImageObject","inLanguage":"pl-PL","@id":"https:\/\/www.spklaj.pl\/#\/schema\/logo\/image\/","url":"https:\/\/www.spklaj.pl\/wp-content\/uploads\/2021\/01\/szkic-Twardowskiego.png","contentUrl":"https:\/\/www.spklaj.pl\/wp-content\/uploads\/2021\/01\/szkic-Twardowskiego.png","width":227,"height":310,"caption":"Szko\u0142a Podstawowa im. Ks. Jana Twardowskiego w K\u0142aju"},"image":{"@id":"https:\/\/www.spklaj.pl\/#\/schema\/logo\/image\/"}},{"@type":"WebSite","@id":"https:\/\/www.spklaj.pl\/#website","url":"https:\/\/www.spklaj.pl\/","name":"Szko\u0142a Podstawowa im. Ks. Jana Twardowskiego w K\u0142aju","description":"im. ks. Jana Twardowskiego w K\u0142aju","publisher":{"@id":"https:\/\/www.spklaj.pl\/#organization"},"potentialAction":[{"@type":"SearchAction","target":{"@type":"EntryPoint","urlTemplate":"https:\/\/www.spklaj.pl\/?s={search_term_string}"},"query-input":"required name=search_term_string"}],"inLanguage":"pl-PL"},{"@type":"WebPage","@id":"https:\/\/www.spklaj.pl\/?page_id=68#webpage","url":"https:\/\/www.spklaj.pl\/?page_id=68","name":"Patron | \u017cyciorys - Szko\u0142a Podstawowa","isPartOf":{"@id":"https:\/\/www.spklaj.pl\/#website"},"datePublished":"2020-11-27T10:29:16+00:00","dateModified":"2024-06-12T13:12:10+00:00","breadcrumb":{"@id":"https:\/\/www.spklaj.pl\/?page_id=68#breadcrumb"},"inLanguage":"pl-PL","potentialAction":[{"@type":"ReadAction","target":["https:\/\/www.spklaj.pl\/?page_id=68"]}]},{"@type":"BreadcrumbList","@id":"https:\/\/www.spklaj.pl\/?page_id=68#breadcrumb","itemListElement":[{"@type":"ListItem","position":1,"name":"Home","item":"https:\/\/www.spklaj.pl\/"},{"@type":"ListItem","position":2,"name":"Patron | \u017cyciorys"}]}]}},"_links":{"self":[{"href":"https:\/\/www.spklaj.pl\/index.php?rest_route=\/wp\/v2\/pages\/68"}],"collection":[{"href":"https:\/\/www.spklaj.pl\/index.php?rest_route=\/wp\/v2\/pages"}],"about":[{"href":"https:\/\/www.spklaj.pl\/index.php?rest_route=\/wp\/v2\/types\/page"}],"author":[{"embeddable":true,"href":"https:\/\/www.spklaj.pl\/index.php?rest_route=\/wp\/v2\/users\/1"}],"replies":[{"embeddable":true,"href":"https:\/\/www.spklaj.pl\/index.php?rest_route=%2Fwp%2Fv2%2Fcomments&post=68"}],"version-history":[{"count":25,"href":"https:\/\/www.spklaj.pl\/index.php?rest_route=\/wp\/v2\/pages\/68\/revisions"}],"predecessor-version":[{"id":26131,"href":"https:\/\/www.spklaj.pl\/index.php?rest_route=\/wp\/v2\/pages\/68\/revisions\/26131"}],"wp:attachment":[{"href":"https:\/\/www.spklaj.pl\/index.php?rest_route=%2Fwp%2Fv2%2Fmedia&parent=68"}],"curies":[{"name":"wp","href":"https:\/\/api.w.org\/{rel}","templated":true}]}}